{"id":17,"date":"2022-02-21T14:20:00","date_gmt":"2022-02-21T14:20:00","guid":{"rendered":"https:\/\/opligroup.com.mx\/?page_id=17"},"modified":"2022-02-21T16:09:08","modified_gmt":"2022-02-21T16:09:08","slug":"opligroup","status":"publish","type":"page","link":"https:\/\/opligroup.com.mx\/","title":{"rendered":"OpliGroup"},"content":{"rendered":"<div id=\"sp-page\" class=\"spBgcover sp-content-4\" style=\"background-color: rgb(0, 0, 0); font-family: 'Source Sans Pro', sans-serif; font-weight: 400; background-image: linear-gradient(0deg, rgb(0, 0, 0) 0%, rgb(0, 0, 0) 100%);\">\n<section id=\"sp-oa8q5h\" class=\"sp-el-section \" style=\"background-color: rgb(0, 0, 0); width: 100%; max-width: 100%; padding: 10px;\">\n<div id=\"sp-n60l80\" class=\"sp-el-row sm:sp-flex sp-w-full  sp-m-auto sp-justify-between\">\n<div id=\"sp-e7mrnw\" class=\"sp-el-col  sp-w-full\" style=\"width: calc(65% - 0px);\">\n<figure id=\"sp-zc9m7m\" class=\"sp-image-wrapper sp-el-block\" style=\"margin: 0px; text-align: right;\"><span><img src=\"https:\/\/opligroup.com.mx\/wp-content\/uploads\/2022\/02\/1o.png\" alt=\"\" data-mobile-visibility=\".sp-image-block-zc9m7m|false\" data-desktop-visibility=\".sp-image-block-zc9m7m|false\" srcset=\" https:\/\/opligroup.com.mx\/wp-content\/uploads\/2022\/02\/1o-150x150.png 150w, https:\/\/opligroup.com.mx\/wp-content\/uploads\/2022\/02\/1o-300x61.png 300w, https:\/\/opligroup.com.mx\/wp-content\/uploads\/2022\/02\/1o-1024x208.png 1024w, https:\/\/opligroup.com.mx\/wp-content\/uploads\/2022\/02\/1o.png 4551w\" class=\"sp-image-block-zc9m7m\" style=\"width: 391px;\"><\/span><\/figure>\n<\/div>\n<div id=\"sp-xpyz2k\" class=\"sp-el-col  sp-w-full\" style=\"width: calc(35% - 0px);\">\n<figure id=\"sp-ub1847\" class=\"sp-image-wrapper sp-el-block\" style=\"margin: 0px; text-align: left;\"><span><img src=\"https:\/\/opligroup.com.mx\/wp-content\/uploads\/2022\/02\/POSE_4_-DON\u00a6aA-TINA.png\" alt=\"\" data-mobile-visibility=\".sp-image-block-ub1847|false\" data-desktop-visibility=\".sp-image-block-ub1847|false\" srcset=\" https:\/\/opligroup.com.mx\/wp-content\/uploads\/2022\/02\/POSE_4_-DON\u00a6aA-TINA.png 7569w\" class=\"sp-image-block-ub1847\" style=\"width: 96px;\"><\/span><\/figure>\n<\/div>\n<\/div>\n<div id=\"sp-xnaw5n\" class=\"sp-el-row sm:sp-flex sp-w-full  sp-m-auto sp-justify-between\" style=\"padding: 0px; background-color: rgb(0, 0, 0); width: auto; max-width: 1000px;\">\n<div id=\"sp-axs1vl\" class=\"sp-el-col  sp-w-full\" style=\"width: calc(100% - 0px);\">\n<div id=\"sp-tmq5wh\" class=\"sp-spacer\" style=\"height: 60px;\"><\/div>\n<h1 id=\"sp-z8kl3g\" data-mobile-css=\"\" data-mobile-visibility=\".sp-headline-block-z8kl3g|false\" data-desktop-visibility=\".sp-headline-block-z8kl3g|false\" class=\"sp-css-target sp-el-block sp-headline-block-z8kl3g sp-type-header\" style=\"font-size: 50px; text-transform: uppercase; color: rgb(255, 255, 255); text-align: center; margin: 0px;\">Pr\u00f3ximamente<\/h1>\n<div id=\"sp-w6f9iw\" data-mobile-css=\"\" data-mobile-visibility=\".sp-text-wrapper-w6f9iw|false\" data-desktop-visibility=\".sp-text-wrapper-w6f9iw|false\" class=\"sp-css-target sp-text-wrapper sp-el-block sp-text-wrapper-w6f9iw\" style=\"font-size: 18px; color: rgb(106, 106, 106); margin: 0px; text-align: center;\">\n<p>P\u00e1gina en construcci\u00f3n<\/p>\n<\/div>\n<div id=\"sp-isod0l\" class=\"sp-spacer\" style=\"height: 12px;\"><\/div>\n<\/div>\n<\/div>\n<\/section>\n<\/div>\n","protected":false},"excerpt":{"rendered":"<p>Pr\u00f3ximamente P\u00e1gina en construcci\u00f3n<\/p>\n","protected":false},"author":1,"featured_media":0,"parent":0,"menu_order":0,"comment_status":"closed","ping_status":"closed","template":"page-large-header","meta":[],"_links":{"self":[{"href":"https:\/\/opligroup.com.mx\/index.php\/wp-json\/wp\/v2\/pages\/17"}],"collection":[{"href":"https:\/\/opligroup.com.mx\/index.php\/wp-json\/wp\/v2\/pages"}],"about":[{"href":"https:\/\/opligroup.com.mx\/index.php\/wp-json\/wp\/v2\/types\/page"}],"author":[{"embeddable":true,"href":"https:\/\/opligroup.com.mx\/index.php\/wp-json\/wp\/v2\/users\/1"}],"replies":[{"embeddable":true,"href":"https:\/\/opligroup.com.mx\/index.php\/wp-json\/wp\/v2\/comments?post=17"}],"version-history":[{"count":17,"href":"https:\/\/opligroup.com.mx\/index.php\/wp-json\/wp\/v2\/pages\/17\/revisions"}],"predecessor-version":[{"id":28,"href":"https:\/\/opligroup.com.mx\/index.php\/wp-json\/wp\/v2\/pages\/17\/revisions\/28"}],"wp:attachment":[{"href":"https:\/\/opligroup.com.mx\/index.php\/wp-json\/wp\/v2\/media?parent=17"}],"curies":[{"name":"wp","href":"https:\/\/api.w.org\/{rel}","templated":true}]}}